{"id":301,"date":"2023-02-14T11:39:43","date_gmt":"2023-02-14T10:39:43","guid":{"rendered":"https:\/\/laportecahors.fr\/?page_id=301"},"modified":"2023-03-23T09:32:33","modified_gmt":"2023-03-23T08:32:33","slug":"garage-automobile","status":"publish","type":"page","link":"https:\/\/laportecahors.fr\/index.php\/garage-automobile\/","title":{"rendered":"Garage Automobile"},"content":{"rendered":"\t\t<div data-elementor-type=\"wp-page\" data-elementor-id=\"301\" class=\"elementor elementor-301\" data-elementor-post-type=\"page\">\n\t\t\t\t\t\t<section class=\"elementor-section elementor-top-section elementor-element elementor-element-bcfd976 elementor-section-boxed elementor-section-height-default elementor-section-height-default\" data-id=\"bcfd976\" data-element_type=\"section\">\n\t\t\t\t\t\t<div class=\"elementor-container elementor-column-gap-default\">\n\t\t\t\t\t<div class=\"elementor-column elementor-col-50 elementor-top-column elementor-element elementor-element-99f6b44\" data-id=\"99f6b44\" data-element_type=\"column\">\n\t\t\t<div class=\"elementor-widget-wrap elementor-element-populated\">\n\t\t\t\t\t\t<div class=\"elementor-element elementor-element-ae69b23 elementor-widget elementor-widget-spacer\" data-id=\"ae69b23\" data-element_type=\"widget\" data-widget_type=\"spacer.default\">\n\t\t\t\t<div class=\"elementor-widget-container\">\n\t\t\t<style>\/*! elementor - v3.20.0 - 13-03-2024 *\/\n.elementor-column .elementor-spacer-inner{height:var(--spacer-size)}.e-con{--container-widget-width:100%}.e-con-inner>.elementor-widget-spacer,.e-con>.elementor-widget-spacer{width:var(--container-widget-width,var(--spacer-size));--align-self:var(--container-widget-align-self,initial);--flex-shrink:0}.e-con-inner>.elementor-widget-spacer>.elementor-widget-container,.e-con>.elementor-widget-spacer>.elementor-widget-container{height:100%;width:100%}.e-con-inner>.elementor-widget-spacer>.elementor-widget-container>.elementor-spacer,.e-con>.elementor-widget-spacer>.elementor-widget-container>.elementor-spacer{height:100%}.e-con-inner>.elementor-widget-spacer>.elementor-widget-container>.elementor-spacer>.elementor-spacer-inner,.e-con>.elementor-widget-spacer>.elementor-widget-container>.elementor-spacer>.elementor-spacer-inner{height:var(--container-widget-height,var(--spacer-size))}.e-con-inner>.elementor-widget-spacer.elementor-widget-empty,.e-con>.elementor-widget-spacer.elementor-widget-empty{position:relative;min-height:22px;min-width:22px}.e-con-inner>.elementor-widget-spacer.elementor-widget-empty .elementor-widget-empty-icon,.e-con>.elementor-widget-spacer.elementor-widget-empty .elementor-widget-empty-icon{position:absolute;top:0;bottom:0;left:0;right:0;margin:auto;padding:0;width:22px;height:22px}<\/style>\t\t<div class=\"elementor-spacer\">\n\t\t\t<div class=\"elementor-spacer-inner\"><\/div>\n\t\t<\/div>\n\t\t\t\t<\/div>\n\t\t\t\t<\/div>\n\t\t\t\t<div class=\"elementor-element elementor-element-d3a7ed4 elementor-widget elementor-widget-heading\" data-id=\"d3a7ed4\" data-element_type=\"widget\" data-widget_type=\"heading.default\">\n\t\t\t\t<div class=\"elementor-widget-container\">\n\t\t\t<style>\/*! elementor - v3.20.0 - 13-03-2024 *\/\n.elementor-heading-title{padding:0;margin:0;line-height:1}.elementor-widget-heading .elementor-heading-title[class*=elementor-size-]>a{color:inherit;font-size:inherit;line-height:inherit}.elementor-widget-heading .elementor-heading-title.elementor-size-small{font-size:15px}.elementor-widget-heading .elementor-heading-title.elementor-size-medium{font-size:19px}.elementor-widget-heading .elementor-heading-title.elementor-size-large{font-size:29px}.elementor-widget-heading .elementor-heading-title.elementor-size-xl{font-size:39px}.elementor-widget-heading .elementor-heading-title.elementor-size-xxl{font-size:59px}<\/style><h2 class=\"elementor-heading-title elementor-size-default\">R\u00c9PARATIONS -ENTRETIENS\nV\u00c9HICULES TOUTES MARQUES<\/h2>\t\t<\/div>\n\t\t\t\t<\/div>\n\t\t\t\t<div class=\"elementor-element elementor-element-b9b9923 elementor-widget elementor-widget-text-editor\" data-id=\"b9b9923\" data-element_type=\"widget\" data-widget_type=\"text-editor.default\">\n\t\t\t\t<div class=\"elementor-widget-container\">\n\t\t\t<style>\/*! elementor - v3.20.0 - 13-03-2024 *\/\n.elementor-widget-text-editor.elementor-drop-cap-view-stacked .elementor-drop-cap{background-color:#69727d;color:#fff}.elementor-widget-text-editor.elementor-drop-cap-view-framed .elementor-drop-cap{color:#69727d;border:3px solid;background-color:transparent}.elementor-widget-text-editor:not(.elementor-drop-cap-view-default) .elementor-drop-cap{margin-top:8px}.elementor-widget-text-editor:not(.elementor-drop-cap-view-default) .elementor-drop-cap-letter{width:1em;height:1em}.elementor-widget-text-editor .elementor-drop-cap{float:left;text-align:center;line-height:1;font-size:50px}.elementor-widget-text-editor .elementor-drop-cap-letter{display:inline-block}<\/style>\t\t\t\t<h6 id=\"1305553060\" class=\"u_1305553060\">&nbsp;<\/h6>\n<ul>\n<li><span style=\"color: #000000;\">R\u00e9vision &#8211; vidange&nbsp;<\/span><\/li>\n<li><span style=\"color: #000000;\">Pneus &#8211; Freins &#8211; Amortisseurs- etc &#8230;<\/span><\/li>\n<li><span style=\"color: #000000;\">Courroie de distribution<\/span><\/li>\n<li><span style=\"color: #000000;\">Pare-brise<\/span><\/li>\n<li><span style=\"color: #000000;\">D\u00e9calaminage&nbsp;<\/span><\/li>\n<li><span style=\"color: #000000;\">Mise au point moteur<\/span><\/li>\n<li><span style=\"color: #000000;\">Pr\u00e9paration pour contr\u00f4le technique&nbsp;<\/span><\/li>\n<\/ul>\n<p style=\"text-align: center;\"><span style=\"color: #000080;\">Devis gratuit pour les interventions d&rsquo;entretien du v\u00e9hicule<br>(Une copie de carte grise vous sera demand\u00e9e)<\/span><\/p>\n<p style=\"text-align: center;\"><a href=\"mailto:atelier@ets-laporte.fr\">atelier@ets-laporte.fr<\/a><\/p>\t\t\t\t\t\t<\/div>\n\t\t\t\t<\/div>\n\t\t\t\t\t<\/div>\n\t\t<\/div>\n\t\t\t\t<div class=\"elementor-column elementor-col-50 elementor-top-column elementor-element elementor-element-3c6b08e\" data-id=\"3c6b08e\" data-element_type=\"column\">\n\t\t\t<div class=\"elementor-widget-wrap elementor-element-populated\">\n\t\t\t\t\t\t<div class=\"elementor-element elementor-element-05c4478 elementor-widget elementor-widget-spacer\" data-id=\"05c4478\" data-element_type=\"widget\" data-widget_type=\"spacer.default\">\n\t\t\t\t<div class=\"elementor-widget-container\">\n\t\t\t\t\t<div class=\"elementor-spacer\">\n\t\t\t<div class=\"elementor-spacer-inner\"><\/div>\n\t\t<\/div>\n\t\t\t\t<\/div>\n\t\t\t\t<\/div>\n\t\t\t\t<div class=\"elementor-element elementor-element-8279103 elementor-widget elementor-widget-spacer\" data-id=\"8279103\" data-element_type=\"widget\" data-widget_type=\"spacer.default\">\n\t\t\t\t<div class=\"elementor-widget-container\">\n\t\t\t\t\t<div class=\"elementor-spacer\">\n\t\t\t<div class=\"elementor-spacer-inner\"><\/div>\n\t\t<\/div>\n\t\t\t\t<\/div>\n\t\t\t\t<\/div>\n\t\t\t\t<div class=\"elementor-element elementor-element-53e1b83 animated-slow elementor-invisible elementor-widget elementor-widget-image\" data-id=\"53e1b83\" data-element_type=\"widget\" data-settings=\"{&quot;_animation&quot;:&quot;fadeInRight&quot;}\" data-widget_type=\"image.default\">\n\t\t\t\t<div class=\"elementor-widget-container\">\n\t\t\t<style>\/*! elementor - v3.20.0 - 13-03-2024 *\/\n.elementor-widget-image{text-align:center}.elementor-widget-image a{display:inline-block}.elementor-widget-image a img[src$=\".svg\"]{width:48px}.elementor-widget-image img{vertical-align:middle;display:inline-block}<\/style>\t\t\t\t\t\t\t\t\t\t<img fetchpriority=\"high\" decoding=\"async\" width=\"800\" height=\"389\" src=\"https:\/\/laportecahors.fr\/wp-content\/uploads\/2023\/02\/20210408_084448-1920w-1024x498.webp\" class=\"attachment-large size-large wp-image-84\" alt=\"\" srcset=\"https:\/\/laportecahors.fr\/wp-content\/uploads\/2023\/02\/20210408_084448-1920w-1024x498.webp 1024w, https:\/\/laportecahors.fr\/wp-content\/uploads\/2023\/02\/20210408_084448-1920w-300x146.webp 300w, https:\/\/laportecahors.fr\/wp-content\/uploads\/2023\/02\/20210408_084448-1920w-768x373.webp 768w, https:\/\/laportecahors.fr\/wp-content\/uploads\/2023\/02\/20210408_084448-1920w-1536x746.webp 1536w, https:\/\/laportecahors.fr\/wp-content\/uploads\/2023\/02\/20210408_084448-1920w.webp 1920w\" sizes=\"(max-width: 800px) 100vw, 800px\" \/>\t\t\t\t\t\t\t\t\t\t\t\t\t<\/div>\n\t\t\t\t<\/div>\n\t\t\t\t\t<\/div>\n\t\t<\/div>\n\t\t\t\t\t<\/div>\n\t\t<\/section>\n\t\t\t\t<section class=\"elementor-section elementor-top-section elementor-element elementor-element-5e53073 elementor-section-boxed elementor-section-height-default elementor-section-height-default\" data-id=\"5e53073\" data-element_type=\"section\">\n\t\t\t\t\t\t<div class=\"elementor-container elementor-column-gap-default\">\n\t\t\t\t\t<div class=\"elementor-column elementor-col-100 elementor-top-column elementor-element elementor-element-202afdf\" data-id=\"202afdf\" data-element_type=\"column\">\n\t\t\t<div class=\"elementor-widget-wrap elementor-element-populated\">\n\t\t\t\t\t\t<div class=\"elementor-element elementor-element-8f87aca elementor-widget elementor-widget-text-editor\" data-id=\"8f87aca\" data-element_type=\"widget\" data-widget_type=\"text-editor.default\">\n\t\t\t\t<div class=\"elementor-widget-container\">\n\t\t\t\t\t\t\t<p><span style=\"color: #000000;\">Bienvenue au garage LAPORTE , o\u00f9 nous nous engageons \u00e0 fournir un service de qualit\u00e9 sup\u00e9rieure \u00e0 chaque client.<\/span><br><span style=\"color: #000000;\">Que vous ayez besoin d&rsquo;une simple vidange d&rsquo;huile ou d&rsquo;une r\u00e9paration importante, nous sommes l\u00e0 pour vous aider.<\/span><\/p>\n<p><span style=\"color: #000000;\">Notre \u00e9quipe de m\u00e9caniciens qualifi\u00e9s poss\u00e8de des ann\u00e9es d&rsquo;exp\u00e9rience et utilise les derniers \u00e9quipements et outils pour garantir que votre voiture est entre de bonnes mains. Nous comprenons que votre temps est pr\u00e9cieux, c&rsquo;est pourquoi nous travaillons rapidement et efficacement pour minimiser l&rsquo;immobilisation de votre v\u00e9hicule.<\/span><\/p>\n<p><span style=\"color: #000000;\">Nous sommes fiers de notre engagement envers la satisfaction de nos clients et offrons des prix comp\u00e9titifs sur tous nos services de garage automobile.<\/span><\/p><p><span style=\"color: #000000;\">En outre, nous nous engageons \u00e0 vous tenir inform\u00e9 de l&rsquo;\u00e9tat de votre v\u00e9hicule tout au long du processus de r\u00e9paration ou d&rsquo;entretien, afin que vous puissiez prendre des d\u00e9cisions \u00e9clair\u00e9es.<\/span><\/p>\n<p><span style=\"color: #000000;\">Nous sommes l\u00e0 pour vous aider \u00e0 maintenir votre voiture en parfait \u00e9tat de fonctionnement.<\/span><br><span style=\"color: #000000;\">Contactez-nous d\u00e8s aujourd&rsquo;hui pour prendre rendez-vous et d\u00e9couvrir comment nous pouvons r\u00e9pondre \u00e0 tous vos besoins en mati\u00e8re de r\u00e9paration et d&rsquo;entretien automobile.<\/span><\/p>\t\t\t\t\t\t<\/div>\n\t\t\t\t<\/div>\n\t\t\t\t<div class=\"elementor-element elementor-element-255eafe elementor-widget elementor-widget-spacer\" data-id=\"255eafe\" data-element_type=\"widget\" data-widget_type=\"spacer.default\">\n\t\t\t\t<div class=\"elementor-widget-container\">\n\t\t\t\t\t<div class=\"elementor-spacer\">\n\t\t\t<div class=\"elementor-spacer-inner\"><\/div>\n\t\t<\/div>\n\t\t\t\t<\/div>\n\t\t\t\t<\/div>\n\t\t\t\t\t<\/div>\n\t\t<\/div>\n\t\t\t\t\t<\/div>\n\t\t<\/section>\n\t\t\t\t<\/div>\n\t\t","protected":false},"excerpt":{"rendered":"<p>R\u00c9PARATIONS -ENTRETIENS V\u00c9HICULES TOUTES MARQUES &nbsp; R\u00e9vision &#8211; vidange&nbsp; Pneus &#8211; Freins &#8211; Amortisseurs- etc &#8230; Courroie de distribution Pare-brise D\u00e9calaminage&nbsp; Mise au point moteur Pr\u00e9paration pour contr\u00f4le technique&nbsp; Devis gratuit pour les interventions d&rsquo;entretien du v\u00e9hicule(Une copie de carte grise vous sera demand\u00e9e) atelier@ets-laporte.fr Bienvenue au garage LAPORTE , o\u00f9 nous nous engageons \u00e0 [&hellip;]<\/p>\n","protected":false},"author":1,"featured_media":0,"parent":0,"menu_order":0,"comment_status":"closed","ping_status":"closed","template":"","meta":{"footnotes":""},"class_list":["post-301","page","type-page","status-publish","hentry"],"_links":{"self":[{"href":"https:\/\/laportecahors.fr\/index.php\/wp-json\/wp\/v2\/pages\/301","targetHints":{"allow":["GET"]}}],"collection":[{"href":"https:\/\/laportecahors.fr\/index.php\/wp-json\/wp\/v2\/pages"}],"about":[{"href":"https:\/\/laportecahors.fr\/index.php\/wp-json\/wp\/v2\/types\/page"}],"author":[{"embeddable":true,"href":"https:\/\/laportecahors.fr\/index.php\/wp-json\/wp\/v2\/users\/1"}],"replies":[{"embeddable":true,"href":"https:\/\/laportecahors.fr\/index.php\/wp-json\/wp\/v2\/comments?post=301"}],"version-history":[{"count":31,"href":"https:\/\/laportecahors.fr\/index.php\/wp-json\/wp\/v2\/pages\/301\/revisions"}],"predecessor-version":[{"id":563,"href":"https:\/\/laportecahors.fr\/index.php\/wp-json\/wp\/v2\/pages\/301\/revisions\/563"}],"wp:attachment":[{"href":"https:\/\/laportecahors.fr\/index.php\/wp-json\/wp\/v2\/media?parent=301"}],"curies":[{"name":"wp","href":"https:\/\/api.w.org\/{rel}","templated":true}]}}