{"id":307,"date":"2023-02-14T11:52:32","date_gmt":"2023-02-14T10:52:32","guid":{"rendered":"https:\/\/laportecahors.fr\/?page_id=307"},"modified":"2023-02-15T17:51:21","modified_gmt":"2023-02-15T16:51:21","slug":"dieseliste","status":"publish","type":"page","link":"https:\/\/laportecahors.fr\/index.php\/dieseliste\/","title":{"rendered":"Di\u00e9s\u00e9liste"},"content":{"rendered":"\t\t<div data-elementor-type=\"wp-page\" data-elementor-id=\"307\" class=\"elementor elementor-307\" data-elementor-post-type=\"page\">\n\t\t\t\t\t\t<section class=\"elementor-section elementor-top-section elementor-element elementor-element-3a7b557 elementor-section-boxed elementor-section-height-default elementor-section-height-default\" data-id=\"3a7b557\" data-element_type=\"section\">\n\t\t\t\t\t\t<div class=\"elementor-container elementor-column-gap-default\">\n\t\t\t\t\t<div class=\"elementor-column elementor-col-100 elementor-top-column elementor-element elementor-element-9436e4d\" data-id=\"9436e4d\" data-element_type=\"column\">\n\t\t\t<div class=\"elementor-widget-wrap elementor-element-populated\">\n\t\t\t\t\t\t<div class=\"elementor-element elementor-element-b371b95 elementor-widget elementor-widget-spacer\" data-id=\"b371b95\" data-element_type=\"widget\" data-widget_type=\"spacer.default\">\n\t\t\t\t<div class=\"elementor-widget-container\">\n\t\t\t<style>\/*! elementor - v3.20.0 - 13-03-2024 *\/\n.elementor-column .elementor-spacer-inner{height:var(--spacer-size)}.e-con{--container-widget-width:100%}.e-con-inner>.elementor-widget-spacer,.e-con>.elementor-widget-spacer{width:var(--container-widget-width,var(--spacer-size));--align-self:var(--container-widget-align-self,initial);--flex-shrink:0}.e-con-inner>.elementor-widget-spacer>.elementor-widget-container,.e-con>.elementor-widget-spacer>.elementor-widget-container{height:100%;width:100%}.e-con-inner>.elementor-widget-spacer>.elementor-widget-container>.elementor-spacer,.e-con>.elementor-widget-spacer>.elementor-widget-container>.elementor-spacer{height:100%}.e-con-inner>.elementor-widget-spacer>.elementor-widget-container>.elementor-spacer>.elementor-spacer-inner,.e-con>.elementor-widget-spacer>.elementor-widget-container>.elementor-spacer>.elementor-spacer-inner{height:var(--container-widget-height,var(--spacer-size))}.e-con-inner>.elementor-widget-spacer.elementor-widget-empty,.e-con>.elementor-widget-spacer.elementor-widget-empty{position:relative;min-height:22px;min-width:22px}.e-con-inner>.elementor-widget-spacer.elementor-widget-empty .elementor-widget-empty-icon,.e-con>.elementor-widget-spacer.elementor-widget-empty .elementor-widget-empty-icon{position:absolute;top:0;bottom:0;left:0;right:0;margin:auto;padding:0;width:22px;height:22px}<\/style>\t\t<div class=\"elementor-spacer\">\n\t\t\t<div class=\"elementor-spacer-inner\"><\/div>\n\t\t<\/div>\n\t\t\t\t<\/div>\n\t\t\t\t<\/div>\n\t\t\t\t<div class=\"elementor-element elementor-element-dd891fa elementor-widget elementor-widget-heading\" data-id=\"dd891fa\" data-element_type=\"widget\" data-widget_type=\"heading.default\">\n\t\t\t\t<div class=\"elementor-widget-container\">\n\t\t\t<style>\/*! elementor - v3.20.0 - 13-03-2024 *\/\n.elementor-heading-title{padding:0;margin:0;line-height:1}.elementor-widget-heading .elementor-heading-title[class*=elementor-size-]>a{color:inherit;font-size:inherit;line-height:inherit}.elementor-widget-heading .elementor-heading-title.elementor-size-small{font-size:15px}.elementor-widget-heading .elementor-heading-title.elementor-size-medium{font-size:19px}.elementor-widget-heading .elementor-heading-title.elementor-size-large{font-size:29px}.elementor-widget-heading .elementor-heading-title.elementor-size-xl{font-size:39px}.elementor-widget-heading .elementor-heading-title.elementor-size-xxl{font-size:59px}<\/style><h2 class=\"elementor-heading-title elementor-size-default\">Di\u00e9s\u00e9liste depuis 1975<\/h2>\t\t<\/div>\n\t\t\t\t<\/div>\n\t\t\t\t<div class=\"elementor-element elementor-element-148c31e elementor-widget elementor-widget-text-editor\" data-id=\"148c31e\" data-element_type=\"widget\" data-widget_type=\"text-editor.default\">\n\t\t\t\t<div class=\"elementor-widget-container\">\n\t\t\t<style>\/*! elementor - v3.20.0 - 13-03-2024 *\/\n.elementor-widget-text-editor.elementor-drop-cap-view-stacked .elementor-drop-cap{background-color:#69727d;color:#fff}.elementor-widget-text-editor.elementor-drop-cap-view-framed .elementor-drop-cap{color:#69727d;border:3px solid;background-color:transparent}.elementor-widget-text-editor:not(.elementor-drop-cap-view-default) .elementor-drop-cap{margin-top:8px}.elementor-widget-text-editor:not(.elementor-drop-cap-view-default) .elementor-drop-cap-letter{width:1em;height:1em}.elementor-widget-text-editor .elementor-drop-cap{float:left;text-align:center;line-height:1;font-size:50px}.elementor-widget-text-editor .elementor-drop-cap-letter{display:inline-block}<\/style>\t\t\t\t<div class=\"font-size-NaN m-font-size-NaN\"><span class=\"lh-1 font-size-18\" style=\"color: #000000;\">Nous effectuons le contr\u00f4le et la r\u00e9paration des injecteurs et des pompes \u00e0 injection m\u00e9caniques anciennes g\u00e9n\u00e9rations.<\/span><\/div><div class=\"font-size-NaN m-font-size-NaN\"><span class=\"lh-1 font-size-18\" style=\"color: #000000;\">Nous prenons en charge le contr\u00f4le, la r\u00e9paration, le nettoyage des injecteurs Common Rail et des pompes Haute-Pression. (avec de l&rsquo;\u00c9quipements de pointe)<\/span><\/div>\t\t\t\t\t\t<\/div>\n\t\t\t\t<\/div>\n\t\t\t\t<div class=\"elementor-element elementor-element-4556bb5 elementor-widget elementor-widget-spacer\" data-id=\"4556bb5\" data-element_type=\"widget\" data-widget_type=\"spacer.default\">\n\t\t\t\t<div class=\"elementor-widget-container\">\n\t\t\t\t\t<div class=\"elementor-spacer\">\n\t\t\t<div class=\"elementor-spacer-inner\"><\/div>\n\t\t<\/div>\n\t\t\t\t<\/div>\n\t\t\t\t<\/div>\n\t\t\t\t\t<\/div>\n\t\t<\/div>\n\t\t\t\t\t<\/div>\n\t\t<\/section>\n\t\t\t\t<section class=\"elementor-section elementor-top-section elementor-element elementor-element-f525a36 elementor-section-boxed elementor-section-height-default elementor-section-height-default\" data-id=\"f525a36\" data-element_type=\"section\">\n\t\t\t\t\t\t<div class=\"elementor-container elementor-column-gap-default\">\n\t\t\t\t\t<div class=\"elementor-column elementor-col-33 elementor-top-column elementor-element elementor-element-603043f\" data-id=\"603043f\" data-element_type=\"column\">\n\t\t\t<div class=\"elementor-widget-wrap elementor-element-populated\">\n\t\t\t\t\t\t<div class=\"elementor-element elementor-element-31ccd86 elementor-widget elementor-widget-spacer\" data-id=\"31ccd86\" data-element_type=\"widget\" data-widget_type=\"spacer.default\">\n\t\t\t\t<div class=\"elementor-widget-container\">\n\t\t\t\t\t<div class=\"elementor-spacer\">\n\t\t\t<div class=\"elementor-spacer-inner\"><\/div>\n\t\t<\/div>\n\t\t\t\t<\/div>\n\t\t\t\t<\/div>\n\t\t\t\t<div class=\"elementor-element elementor-element-c91ed03 elementor-widget elementor-widget-spacer\" data-id=\"c91ed03\" data-element_type=\"widget\" data-widget_type=\"spacer.default\">\n\t\t\t\t<div class=\"elementor-widget-container\">\n\t\t\t\t\t<div class=\"elementor-spacer\">\n\t\t\t<div class=\"elementor-spacer-inner\"><\/div>\n\t\t<\/div>\n\t\t\t\t<\/div>\n\t\t\t\t<\/div>\n\t\t\t\t<div class=\"elementor-element elementor-element-abdd58d elementor-invisible elementor-widget elementor-widget-image\" data-id=\"abdd58d\" data-element_type=\"widget\" data-settings=\"{&quot;_animation&quot;:&quot;fadeInRight&quot;}\" data-widget_type=\"image.default\">\n\t\t\t\t<div class=\"elementor-widget-container\">\n\t\t\t<style>\/*! elementor - v3.20.0 - 13-03-2024 *\/\n.elementor-widget-image{text-align:center}.elementor-widget-image a{display:inline-block}.elementor-widget-image a img[src$=\".svg\"]{width:48px}.elementor-widget-image img{vertical-align:middle;display:inline-block}<\/style>\t\t\t\t\t\t\t\t\t\t<img fetchpriority=\"high\" decoding=\"async\" width=\"800\" height=\"600\" src=\"https:\/\/laportecahors.fr\/wp-content\/uploads\/2023\/02\/banc3-1024x768.webp\" class=\"attachment-large size-large wp-image-312\" alt=\"\" srcset=\"https:\/\/laportecahors.fr\/wp-content\/uploads\/2023\/02\/banc3-1024x768.webp 1024w, https:\/\/laportecahors.fr\/wp-content\/uploads\/2023\/02\/banc3-300x225.webp 300w, https:\/\/laportecahors.fr\/wp-content\/uploads\/2023\/02\/banc3-768x576.webp 768w, https:\/\/laportecahors.fr\/wp-content\/uploads\/2023\/02\/banc3-1536x1152.webp 1536w, https:\/\/laportecahors.fr\/wp-content\/uploads\/2023\/02\/banc3.webp 1600w\" sizes=\"(max-width: 800px) 100vw, 800px\" \/>\t\t\t\t\t\t\t\t\t\t\t\t\t<\/div>\n\t\t\t\t<\/div>\n\t\t\t\t\t<\/div>\n\t\t<\/div>\n\t\t\t\t<div class=\"elementor-column elementor-col-33 elementor-top-column elementor-element elementor-element-8f30eee\" data-id=\"8f30eee\" data-element_type=\"column\">\n\t\t\t<div class=\"elementor-widget-wrap elementor-element-populated\">\n\t\t\t\t\t\t<div class=\"elementor-element elementor-element-b34f473 elementor-widget elementor-widget-spacer\" data-id=\"b34f473\" data-element_type=\"widget\" data-widget_type=\"spacer.default\">\n\t\t\t\t<div class=\"elementor-widget-container\">\n\t\t\t\t\t<div class=\"elementor-spacer\">\n\t\t\t<div class=\"elementor-spacer-inner\"><\/div>\n\t\t<\/div>\n\t\t\t\t<\/div>\n\t\t\t\t<\/div>\n\t\t\t\t<div class=\"elementor-element elementor-element-8a51dbf elementor-widget elementor-widget-image\" data-id=\"8a51dbf\" data-element_type=\"widget\" data-widget_type=\"image.default\">\n\t\t\t\t<div class=\"elementor-widget-container\">\n\t\t\t\t\t\t\t\t\t\t\t\t\t<img decoding=\"async\" width=\"794\" height=\"1024\" src=\"https:\/\/laportecahors.fr\/wp-content\/uploads\/2023\/02\/banc1-794x1024.webp\" class=\"attachment-large size-large wp-image-310\" alt=\"\" srcset=\"https:\/\/laportecahors.fr\/wp-content\/uploads\/2023\/02\/banc1-794x1024.webp 794w, https:\/\/laportecahors.fr\/wp-content\/uploads\/2023\/02\/banc1-233x300.webp 233w, https:\/\/laportecahors.fr\/wp-content\/uploads\/2023\/02\/banc1-768x991.webp 768w, https:\/\/laportecahors.fr\/wp-content\/uploads\/2023\/02\/banc1-1191x1536.webp 1191w, https:\/\/laportecahors.fr\/wp-content\/uploads\/2023\/02\/banc1-1587x2048.webp 1587w, https:\/\/laportecahors.fr\/wp-content\/uploads\/2023\/02\/banc1.webp 1920w\" sizes=\"(max-width: 794px) 100vw, 794px\" \/>\t\t\t\t\t\t\t\t\t\t\t\t\t<\/div>\n\t\t\t\t<\/div>\n\t\t\t\t\t<\/div>\n\t\t<\/div>\n\t\t\t\t<div class=\"elementor-column elementor-col-33 elementor-top-column elementor-element elementor-element-ca44b5b\" data-id=\"ca44b5b\" data-element_type=\"column\">\n\t\t\t<div class=\"elementor-widget-wrap elementor-element-populated\">\n\t\t\t\t\t\t<div class=\"elementor-element elementor-element-ba703e8 elementor-invisible elementor-widget elementor-widget-image\" data-id=\"ba703e8\" data-element_type=\"widget\" data-settings=\"{&quot;_animation&quot;:&quot;fadeInLeft&quot;}\" data-widget_type=\"image.default\">\n\t\t\t\t<div class=\"elementor-widget-container\">\n\t\t\t\t\t\t\t\t\t\t\t\t\t<img decoding=\"async\" width=\"800\" height=\"600\" src=\"https:\/\/laportecahors.fr\/wp-content\/uploads\/2023\/02\/banc2-1024x768.webp\" class=\"attachment-large size-large wp-image-311\" alt=\"\" srcset=\"https:\/\/laportecahors.fr\/wp-content\/uploads\/2023\/02\/banc2-1024x768.webp 1024w, https:\/\/laportecahors.fr\/wp-content\/uploads\/2023\/02\/banc2-300x225.webp 300w, https:\/\/laportecahors.fr\/wp-content\/uploads\/2023\/02\/banc2-768x576.webp 768w, https:\/\/laportecahors.fr\/wp-content\/uploads\/2023\/02\/banc2-1536x1152.webp 1536w, https:\/\/laportecahors.fr\/wp-content\/uploads\/2023\/02\/banc2.webp 1600w\" sizes=\"(max-width: 800px) 100vw, 800px\" \/>\t\t\t\t\t\t\t\t\t\t\t\t\t<\/div>\n\t\t\t\t<\/div>\n\t\t\t\t\t<\/div>\n\t\t<\/div>\n\t\t\t\t\t<\/div>\n\t\t<\/section>\n\t\t\t\t<section class=\"elementor-section elementor-top-section elementor-element elementor-element-f758049 elementor-section-boxed elementor-section-height-default elementor-section-height-default\" data-id=\"f758049\" data-element_type=\"section\">\n\t\t\t\t\t\t<div class=\"elementor-container elementor-column-gap-default\">\n\t\t\t\t\t<div class=\"elementor-column elementor-col-100 elementor-top-column elementor-element elementor-element-f1854c1\" data-id=\"f1854c1\" data-element_type=\"column\">\n\t\t\t<div class=\"elementor-widget-wrap elementor-element-populated\">\n\t\t\t\t\t\t<div class=\"elementor-element elementor-element-b8ca9b5 elementor-widget elementor-widget-spacer\" data-id=\"b8ca9b5\" data-element_type=\"widget\" data-widget_type=\"spacer.default\">\n\t\t\t\t<div class=\"elementor-widget-container\">\n\t\t\t\t\t<div class=\"elementor-spacer\">\n\t\t\t<div class=\"elementor-spacer-inner\"><\/div>\n\t\t<\/div>\n\t\t\t\t<\/div>\n\t\t\t\t<\/div>\n\t\t\t\t\t<\/div>\n\t\t<\/div>\n\t\t\t\t\t<\/div>\n\t\t<\/section>\n\t\t\t\t<\/div>\n\t\t","protected":false},"excerpt":{"rendered":"<p>Di\u00e9s\u00e9liste depuis 1975 Nous effectuons le contr\u00f4le et la r\u00e9paration des injecteurs et des pompes \u00e0 injection m\u00e9caniques anciennes g\u00e9n\u00e9rations.Nous prenons en charge le contr\u00f4le, la r\u00e9paration, le nettoyage des injecteurs Common Rail et des pompes Haute-Pression. (avec de l&rsquo;\u00c9quipements de pointe)<\/p>\n","protected":false},"author":1,"featured_media":0,"parent":0,"menu_order":0,"comment_status":"closed","ping_status":"closed","template":"","meta":{"footnotes":""},"class_list":["post-307","page","type-page","status-publish","hentry"],"_links":{"self":[{"href":"https:\/\/laportecahors.fr\/index.php\/wp-json\/wp\/v2\/pages\/307","targetHints":{"allow":["GET"]}}],"collection":[{"href":"https:\/\/laportecahors.fr\/index.php\/wp-json\/wp\/v2\/pages"}],"about":[{"href":"https:\/\/laportecahors.fr\/index.php\/wp-json\/wp\/v2\/types\/page"}],"author":[{"embeddable":true,"href":"https:\/\/laportecahors.fr\/index.php\/wp-json\/wp\/v2\/users\/1"}],"replies":[{"embeddable":true,"href":"https:\/\/laportecahors.fr\/index.php\/wp-json\/wp\/v2\/comments?post=307"}],"version-history":[{"count":22,"href":"https:\/\/laportecahors.fr\/index.php\/wp-json\/wp\/v2\/pages\/307\/revisions"}],"predecessor-version":[{"id":417,"href":"https:\/\/laportecahors.fr\/index.php\/wp-json\/wp\/v2\/pages\/307\/revisions\/417"}],"wp:attachment":[{"href":"https:\/\/laportecahors.fr\/index.php\/wp-json\/wp\/v2\/media?parent=307"}],"curies":[{"name":"wp","href":"https:\/\/api.w.org\/{rel}","templated":true}]}}