{"id":383,"date":"2023-02-15T17:28:59","date_gmt":"2023-02-15T16:28:59","guid":{"rendered":"https:\/\/laportecahors.fr\/?page_id=383"},"modified":"2023-03-15T14:18:22","modified_gmt":"2023-03-15T13:18:22","slug":"amenagement-pour-vu","status":"publish","type":"page","link":"https:\/\/laportecahors.fr\/index.php\/amenagement-pour-vu\/","title":{"rendered":"Am\u00e9nagement  Pro"},"content":{"rendered":"\t\t<div data-elementor-type=\"wp-page\" data-elementor-id=\"383\" class=\"elementor elementor-383\" data-elementor-post-type=\"page\">\n\t\t\t\t\t\t<section class=\"elementor-section elementor-top-section elementor-element elementor-element-26831aa elementor-section-boxed elementor-section-height-default elementor-section-height-default\" data-id=\"26831aa\" data-element_type=\"section\">\n\t\t\t\t\t\t<div class=\"elementor-container elementor-column-gap-default\">\n\t\t\t\t\t<div class=\"elementor-column elementor-col-100 elementor-top-column elementor-element elementor-element-306167a\" data-id=\"306167a\" data-element_type=\"column\">\n\t\t\t<div class=\"elementor-widget-wrap\">\n\t\t\t\t\t\t\t<\/div>\n\t\t<\/div>\n\t\t\t\t\t<\/div>\n\t\t<\/section>\n\t\t\t\t<section class=\"elementor-section elementor-top-section elementor-element elementor-element-1c571ff elementor-section-boxed elementor-section-height-default elementor-section-height-default\" data-id=\"1c571ff\" data-element_type=\"section\">\n\t\t\t\t\t\t<div class=\"elementor-container elementor-column-gap-default\">\n\t\t\t\t\t<div class=\"elementor-column elementor-col-100 elementor-top-column elementor-element elementor-element-b1ade28\" data-id=\"b1ade28\" data-element_type=\"column\">\n\t\t\t<div class=\"elementor-widget-wrap elementor-element-populated\">\n\t\t\t\t\t\t<div class=\"elementor-element elementor-element-64eaf54 elementor-widget elementor-widget-spacer\" data-id=\"64eaf54\" data-element_type=\"widget\" data-widget_type=\"spacer.default\">\n\t\t\t\t<div class=\"elementor-widget-container\">\n\t\t\t<style>\/*! elementor - v3.20.0 - 13-03-2024 *\/\n.elementor-column .elementor-spacer-inner{height:var(--spacer-size)}.e-con{--container-widget-width:100%}.e-con-inner>.elementor-widget-spacer,.e-con>.elementor-widget-spacer{width:var(--container-widget-width,var(--spacer-size));--align-self:var(--container-widget-align-self,initial);--flex-shrink:0}.e-con-inner>.elementor-widget-spacer>.elementor-widget-container,.e-con>.elementor-widget-spacer>.elementor-widget-container{height:100%;width:100%}.e-con-inner>.elementor-widget-spacer>.elementor-widget-container>.elementor-spacer,.e-con>.elementor-widget-spacer>.elementor-widget-container>.elementor-spacer{height:100%}.e-con-inner>.elementor-widget-spacer>.elementor-widget-container>.elementor-spacer>.elementor-spacer-inner,.e-con>.elementor-widget-spacer>.elementor-widget-container>.elementor-spacer>.elementor-spacer-inner{height:var(--container-widget-height,var(--spacer-size))}.e-con-inner>.elementor-widget-spacer.elementor-widget-empty,.e-con>.elementor-widget-spacer.elementor-widget-empty{position:relative;min-height:22px;min-width:22px}.e-con-inner>.elementor-widget-spacer.elementor-widget-empty .elementor-widget-empty-icon,.e-con>.elementor-widget-spacer.elementor-widget-empty .elementor-widget-empty-icon{position:absolute;top:0;bottom:0;left:0;right:0;margin:auto;padding:0;width:22px;height:22px}<\/style>\t\t<div class=\"elementor-spacer\">\n\t\t\t<div class=\"elementor-spacer-inner\"><\/div>\n\t\t<\/div>\n\t\t\t\t<\/div>\n\t\t\t\t<\/div>\n\t\t\t\t<div class=\"elementor-element elementor-element-b1454dd elementor-widget elementor-widget-heading\" data-id=\"b1454dd\" data-element_type=\"widget\" data-widget_type=\"heading.default\">\n\t\t\t\t<div class=\"elementor-widget-container\">\n\t\t\t<style>\/*! elementor - v3.20.0 - 13-03-2024 *\/\n.elementor-heading-title{padding:0;margin:0;line-height:1}.elementor-widget-heading .elementor-heading-title[class*=elementor-size-]>a{color:inherit;font-size:inherit;line-height:inherit}.elementor-widget-heading .elementor-heading-title.elementor-size-small{font-size:15px}.elementor-widget-heading .elementor-heading-title.elementor-size-medium{font-size:19px}.elementor-widget-heading .elementor-heading-title.elementor-size-large{font-size:29px}.elementor-widget-heading .elementor-heading-title.elementor-size-xl{font-size:39px}.elementor-widget-heading .elementor-heading-title.elementor-size-xxl{font-size:59px}<\/style><h2 class=\"elementor-heading-title elementor-size-default\">AM\u00c9NAGEMENT POUR V\u00c9HICULES UTILITAIRES \/ AUTO-ECOLE<\/h2>\t\t<\/div>\n\t\t\t\t<\/div>\n\t\t\t\t\t<\/div>\n\t\t<\/div>\n\t\t\t\t\t<\/div>\n\t\t<\/section>\n\t\t\t\t<section class=\"elementor-section elementor-top-section elementor-element elementor-element-0ca0fe0 elementor-section-boxed elementor-section-height-default elementor-section-height-default\" data-id=\"0ca0fe0\" data-element_type=\"section\">\n\t\t\t\t\t\t<div class=\"elementor-container elementor-column-gap-default\">\n\t\t\t\t\t<div class=\"elementor-column elementor-col-100 elementor-top-column elementor-element elementor-element-97659b3\" data-id=\"97659b3\" data-element_type=\"column\">\n\t\t\t<div class=\"elementor-widget-wrap elementor-element-populated\">\n\t\t\t\t\t\t<div class=\"elementor-element elementor-element-ed005eb elementor-widget elementor-widget-spacer\" data-id=\"ed005eb\" data-element_type=\"widget\" data-widget_type=\"spacer.default\">\n\t\t\t\t<div class=\"elementor-widget-container\">\n\t\t\t\t\t<div class=\"elementor-spacer\">\n\t\t\t<div class=\"elementor-spacer-inner\"><\/div>\n\t\t<\/div>\n\t\t\t\t<\/div>\n\t\t\t\t<\/div>\n\t\t\t\t<div class=\"elementor-element elementor-element-70f354f elementor-widget elementor-widget-text-editor\" data-id=\"70f354f\" data-element_type=\"widget\" data-widget_type=\"text-editor.default\">\n\t\t\t\t<div class=\"elementor-widget-container\">\n\t\t\t<style>\/*! elementor - v3.20.0 - 13-03-2024 *\/\n.elementor-widget-text-editor.elementor-drop-cap-view-stacked .elementor-drop-cap{background-color:#69727d;color:#fff}.elementor-widget-text-editor.elementor-drop-cap-view-framed .elementor-drop-cap{color:#69727d;border:3px solid;background-color:transparent}.elementor-widget-text-editor:not(.elementor-drop-cap-view-default) .elementor-drop-cap{margin-top:8px}.elementor-widget-text-editor:not(.elementor-drop-cap-view-default) .elementor-drop-cap-letter{width:1em;height:1em}.elementor-widget-text-editor .elementor-drop-cap{float:left;text-align:center;line-height:1;font-size:50px}.elementor-widget-text-editor .elementor-drop-cap-letter{display:inline-block}<\/style>\t\t\t\t<p><span style=\"color: #000000;\">Nous sommes en mesure de transformer les\u00a0<b class=\"font-size-NaN m-font-size-NaN\">v\u00e9hicules particuliers<\/b>\u00a0en\u00a0<b class=\"font-size-NaN m-font-size-NaN\">v\u00e9hicules utilitaires<\/b>.<br \/><\/span><span style=\"color: #000000;\">Nous proposons l&rsquo;<b class=\"font-size-NaN m-font-size-NaN\">am\u00e9nagement de votre v\u00e9hicule<\/b>\u00a0avec cabines approfondies et en\u00a0<b class=\"font-size-NaN m-font-size-NaN\">camions frigorifiques<\/b>.<\/span><\/p><p><span style=\"color: #000000;\">Nous effectuons la pose d&rsquo;\u00e9quipements pour les v\u00e9hicule auto-\u00e9cole.<\/span><\/p><p class=\"m-size-16 size-20 text-align-center\"><span style=\"color: #0000ff;\"><em><strong><span class=\"m-font-size-16 font-size-20\">Am\u00e9nageur qualifi\u00e9 UTAC, nous installons vos doubles commandes<br \/><\/span><span class=\"m-font-size-16 font-size-20\">(p\u00e9dales et t\u00e9l\u00e9commande moniteur) pour votre v\u00e9hicule auto-\u00e9cole.<\/span><\/strong><\/em><\/span><\/p><p><span style=\"color: #0000ff;\"><em><strong>Nous effectuons \u00e9galement la d\u00e9pose pour une reconversion du v\u00e9hicule en VP.<\/strong><\/em><\/span><\/p><p><br id=\"1529705532\" \/><span style=\"color: #000000;\">Nous r\u00e9alisons des devis gratuits.<\/span><\/p>\t\t\t\t\t\t<\/div>\n\t\t\t\t<\/div>\n\t\t\t\t<div class=\"elementor-element elementor-element-6ac9085 animated-slow elementor-invisible elementor-widget elementor-widget-image\" data-id=\"6ac9085\" data-element_type=\"widget\" data-settings=\"{&quot;_animation&quot;:&quot;jello&quot;,&quot;_animation_delay&quot;:100}\" data-widget_type=\"image.default\">\n\t\t\t\t<div class=\"elementor-widget-container\">\n\t\t\t<style>\/*! elementor - v3.20.0 - 13-03-2024 *\/\n.elementor-widget-image{text-align:center}.elementor-widget-image a{display:inline-block}.elementor-widget-image a img[src$=\".svg\"]{width:48px}.elementor-widget-image img{vertical-align:middle;display:inline-block}<\/style>\t\t\t\t\t\t\t\t\t\t<img decoding=\"async\" width=\"237\" height=\"51\" src=\"https:\/\/laportecahors.fr\/wp-content\/uploads\/2023\/02\/Logo_UTAC_Gradient_50px-1.png\" class=\"attachment-large size-large wp-image-293\" alt=\"\" \/>\t\t\t\t\t\t\t\t\t\t\t\t\t<\/div>\n\t\t\t\t<\/div>\n\t\t\t\t\t<\/div>\n\t\t<\/div>\n\t\t\t\t\t<\/div>\n\t\t<\/section>\n\t\t\t\t<section class=\"elementor-section elementor-top-section elementor-element elementor-element-f6db1e7 elementor-section-boxed elementor-section-height-default elementor-section-height-default\" data-id=\"f6db1e7\" data-element_type=\"section\">\n\t\t\t\t\t\t<div class=\"elementor-container elementor-column-gap-default\">\n\t\t\t\t\t<div class=\"elementor-column elementor-col-33 elementor-top-column elementor-element elementor-element-c02af5b\" data-id=\"c02af5b\" data-element_type=\"column\">\n\t\t\t<div class=\"elementor-widget-wrap elementor-element-populated\">\n\t\t\t\t\t\t<div class=\"elementor-element elementor-element-8447fb7 elementor-widget elementor-widget-image\" data-id=\"8447fb7\" data-element_type=\"widget\" data-widget_type=\"image.default\">\n\t\t\t\t<div class=\"elementor-widget-container\">\n\t\t\t\t\t\t\t\t\t\t\t\t\t<img fetchpriority=\"high\" decoding=\"async\" width=\"800\" height=\"600\" src=\"https:\/\/laportecahors.fr\/wp-content\/uploads\/2023\/03\/auto-ecole-1024x768.jpg\" class=\"attachment-large size-large wp-image-527\" alt=\"\" srcset=\"https:\/\/laportecahors.fr\/wp-content\/uploads\/2023\/03\/auto-ecole-1024x768.jpg 1024w, https:\/\/laportecahors.fr\/wp-content\/uploads\/2023\/03\/auto-ecole-300x225.jpg 300w, https:\/\/laportecahors.fr\/wp-content\/uploads\/2023\/03\/auto-ecole-768x576.jpg 768w, https:\/\/laportecahors.fr\/wp-content\/uploads\/2023\/03\/auto-ecole-1536x1152.jpg 1536w, https:\/\/laportecahors.fr\/wp-content\/uploads\/2023\/03\/auto-ecole.jpg 2016w\" sizes=\"(max-width: 800px) 100vw, 800px\" \/>\t\t\t\t\t\t\t\t\t\t\t\t\t<\/div>\n\t\t\t\t<\/div>\n\t\t\t\t\t<\/div>\n\t\t<\/div>\n\t\t\t\t<div class=\"elementor-column elementor-col-33 elementor-top-column elementor-element elementor-element-e659bed\" data-id=\"e659bed\" data-element_type=\"column\">\n\t\t\t<div class=\"elementor-widget-wrap elementor-element-populated\">\n\t\t\t\t\t\t<div class=\"elementor-element elementor-element-5a43ded elementor-widget elementor-widget-image\" data-id=\"5a43ded\" data-element_type=\"widget\" data-widget_type=\"image.default\">\n\t\t\t\t<div class=\"elementor-widget-container\">\n\t\t\t\t\t\t\t\t\t\t\t\t\t<img decoding=\"async\" width=\"800\" height=\"600\" src=\"https:\/\/laportecahors.fr\/wp-content\/uploads\/2023\/02\/pmr2-1024x768.webp\" class=\"attachment-large size-large wp-image-364\" alt=\"\" srcset=\"https:\/\/laportecahors.fr\/wp-content\/uploads\/2023\/02\/pmr2-1024x768.webp 1024w, https:\/\/laportecahors.fr\/wp-content\/uploads\/2023\/02\/pmr2-300x225.webp 300w, https:\/\/laportecahors.fr\/wp-content\/uploads\/2023\/02\/pmr2-768x576.webp 768w, https:\/\/laportecahors.fr\/wp-content\/uploads\/2023\/02\/pmr2-1536x1152.webp 1536w, https:\/\/laportecahors.fr\/wp-content\/uploads\/2023\/02\/pmr2.webp 1600w\" sizes=\"(max-width: 800px) 100vw, 800px\" \/>\t\t\t\t\t\t\t\t\t\t\t\t\t<\/div>\n\t\t\t\t<\/div>\n\t\t\t\t<div class=\"elementor-element elementor-element-02696b5 elementor-widget elementor-widget-spacer\" data-id=\"02696b5\" data-element_type=\"widget\" data-widget_type=\"spacer.default\">\n\t\t\t\t<div class=\"elementor-widget-container\">\n\t\t\t\t\t<div class=\"elementor-spacer\">\n\t\t\t<div class=\"elementor-spacer-inner\"><\/div>\n\t\t<\/div>\n\t\t\t\t<\/div>\n\t\t\t\t<\/div>\n\t\t\t\t\t<\/div>\n\t\t<\/div>\n\t\t\t\t<div class=\"elementor-column elementor-col-33 elementor-top-column elementor-element elementor-element-0234205\" data-id=\"0234205\" data-element_type=\"column\">\n\t\t\t<div class=\"elementor-widget-wrap elementor-element-populated\">\n\t\t\t\t\t\t<div class=\"elementor-element elementor-element-7aa7558 elementor-widget elementor-widget-image\" data-id=\"7aa7558\" data-element_type=\"widget\" data-widget_type=\"image.default\">\n\t\t\t\t<div class=\"elementor-widget-container\">\n\t\t\t\t\t\t\t\t\t\t\t\t\t<img loading=\"lazy\" decoding=\"async\" width=\"146\" height=\"300\" src=\"https:\/\/laportecahors.fr\/wp-content\/uploads\/2023\/03\/20230315_114555_resized-146x300.jpg\" class=\"attachment-medium size-medium wp-image-534\" alt=\"\" srcset=\"https:\/\/laportecahors.fr\/wp-content\/uploads\/2023\/03\/20230315_114555_resized-146x300.jpg 146w, https:\/\/laportecahors.fr\/wp-content\/uploads\/2023\/03\/20230315_114555_resized-498x1024.jpg 498w, https:\/\/laportecahors.fr\/wp-content\/uploads\/2023\/03\/20230315_114555_resized-768x1580.jpg 768w, https:\/\/laportecahors.fr\/wp-content\/uploads\/2023\/03\/20230315_114555_resized-747x1536.jpg 747w, https:\/\/laportecahors.fr\/wp-content\/uploads\/2023\/03\/20230315_114555_resized.jpg 980w\" sizes=\"(max-width: 146px) 100vw, 146px\" \/>\t\t\t\t\t\t\t\t\t\t\t\t\t<\/div>\n\t\t\t\t<\/div>\n\t\t\t\t\t<\/div>\n\t\t<\/div>\n\t\t\t\t\t<\/div>\n\t\t<\/section>\n\t\t\t\t<section class=\"elementor-section elementor-top-section elementor-element elementor-element-7f4eb9d elementor-section-boxed elementor-section-height-default elementor-section-height-default\" data-id=\"7f4eb9d\" data-element_type=\"section\">\n\t\t\t\t\t\t<div class=\"elementor-container elementor-column-gap-default\">\n\t\t\t\t\t<div class=\"elementor-column elementor-col-33 elementor-top-column elementor-element elementor-element-adf33b8\" data-id=\"adf33b8\" data-element_type=\"column\">\n\t\t\t<div class=\"elementor-widget-wrap elementor-element-populated\">\n\t\t\t\t\t\t<div class=\"elementor-element elementor-element-7aec32e elementor-widget elementor-widget-image\" data-id=\"7aec32e\" data-element_type=\"widget\" data-widget_type=\"image.default\">\n\t\t\t\t<div class=\"elementor-widget-container\">\n\t\t\t\t\t\t\t\t\t\t\t\t\t<img loading=\"lazy\" decoding=\"async\" width=\"800\" height=\"389\" src=\"https:\/\/laportecahors.fr\/wp-content\/uploads\/2023\/02\/vu2-1024x498.webp\" class=\"attachment-large size-large wp-image-388\" alt=\"\" srcset=\"https:\/\/laportecahors.fr\/wp-content\/uploads\/2023\/02\/vu2-1024x498.webp 1024w, https:\/\/laportecahors.fr\/wp-content\/uploads\/2023\/02\/vu2-300x146.webp 300w, https:\/\/laportecahors.fr\/wp-content\/uploads\/2023\/02\/vu2-768x373.webp 768w, https:\/\/laportecahors.fr\/wp-content\/uploads\/2023\/02\/vu2-1536x746.webp 1536w, https:\/\/laportecahors.fr\/wp-content\/uploads\/2023\/02\/vu2.webp 1920w\" sizes=\"(max-width: 800px) 100vw, 800px\" \/>\t\t\t\t\t\t\t\t\t\t\t\t\t<\/div>\n\t\t\t\t<\/div>\n\t\t\t\t<div class=\"elementor-element elementor-element-67a640b elementor-widget elementor-widget-image\" data-id=\"67a640b\" data-element_type=\"widget\" data-widget_type=\"image.default\">\n\t\t\t\t<div class=\"elementor-widget-container\">\n\t\t\t\t\t\t\t\t\t\t\t\t\t<img loading=\"lazy\" decoding=\"async\" width=\"800\" height=\"389\" src=\"https:\/\/laportecahors.fr\/wp-content\/uploads\/2023\/02\/vu3-1024x498.webp\" class=\"attachment-large size-large wp-image-389\" alt=\"\" srcset=\"https:\/\/laportecahors.fr\/wp-content\/uploads\/2023\/02\/vu3-1024x498.webp 1024w, https:\/\/laportecahors.fr\/wp-content\/uploads\/2023\/02\/vu3-300x146.webp 300w, https:\/\/laportecahors.fr\/wp-content\/uploads\/2023\/02\/vu3-768x373.webp 768w, https:\/\/laportecahors.fr\/wp-content\/uploads\/2023\/02\/vu3-1536x746.webp 1536w, https:\/\/laportecahors.fr\/wp-content\/uploads\/2023\/02\/vu3.webp 1920w\" sizes=\"(max-width: 800px) 100vw, 800px\" \/>\t\t\t\t\t\t\t\t\t\t\t\t\t<\/div>\n\t\t\t\t<\/div>\n\t\t\t\t\t<\/div>\n\t\t<\/div>\n\t\t\t\t<div class=\"elementor-column elementor-col-33 elementor-top-column elementor-element elementor-element-d6bd7bd\" data-id=\"d6bd7bd\" data-element_type=\"column\">\n\t\t\t<div class=\"elementor-widget-wrap elementor-element-populated\">\n\t\t\t\t\t\t<div class=\"elementor-element elementor-element-ef14a46 elementor-widget elementor-widget-image\" data-id=\"ef14a46\" data-element_type=\"widget\" data-widget_type=\"image.default\">\n\t\t\t\t<div class=\"elementor-widget-container\">\n\t\t\t\t\t\t\t\t\t\t\t\t\t<img loading=\"lazy\" decoding=\"async\" width=\"498\" height=\"1024\" src=\"https:\/\/laportecahors.fr\/wp-content\/uploads\/2023\/02\/vu4-498x1024.webp\" class=\"attachment-large size-large wp-image-390\" alt=\"\" srcset=\"https:\/\/laportecahors.fr\/wp-content\/uploads\/2023\/02\/vu4-498x1024.webp 498w, https:\/\/laportecahors.fr\/wp-content\/uploads\/2023\/02\/vu4-146x300.webp 146w, https:\/\/laportecahors.fr\/wp-content\/uploads\/2023\/02\/vu4-768x1580.webp 768w, https:\/\/laportecahors.fr\/wp-content\/uploads\/2023\/02\/vu4-747x1536.webp 747w, https:\/\/laportecahors.fr\/wp-content\/uploads\/2023\/02\/vu4.webp 980w\" sizes=\"(max-width: 498px) 100vw, 498px\" \/>\t\t\t\t\t\t\t\t\t\t\t\t\t<\/div>\n\t\t\t\t<\/div>\n\t\t\t\t\t<\/div>\n\t\t<\/div>\n\t\t\t\t<div class=\"elementor-column elementor-col-33 elementor-top-column elementor-element elementor-element-832ef1a\" data-id=\"832ef1a\" data-element_type=\"column\">\n\t\t\t<div class=\"elementor-widget-wrap elementor-element-populated\">\n\t\t\t\t\t\t<div class=\"elementor-element elementor-element-c7104e9 elementor-widget elementor-widget-image\" data-id=\"c7104e9\" data-element_type=\"widget\" data-widget_type=\"image.default\">\n\t\t\t\t<div class=\"elementor-widget-container\">\n\t\t\t\t\t\t\t\t\t\t\t\t\t<img loading=\"lazy\" decoding=\"async\" width=\"498\" height=\"1024\" src=\"https:\/\/laportecahors.fr\/wp-content\/uploads\/2023\/02\/vu1-498x1024.webp\" class=\"attachment-large size-large wp-image-387\" alt=\"\" srcset=\"https:\/\/laportecahors.fr\/wp-content\/uploads\/2023\/02\/vu1-498x1024.webp 498w, https:\/\/laportecahors.fr\/wp-content\/uploads\/2023\/02\/vu1-146x300.webp 146w, https:\/\/laportecahors.fr\/wp-content\/uploads\/2023\/02\/vu1-768x1580.webp 768w, https:\/\/laportecahors.fr\/wp-content\/uploads\/2023\/02\/vu1-747x1536.webp 747w, https:\/\/laportecahors.fr\/wp-content\/uploads\/2023\/02\/vu1.webp 980w\" sizes=\"(max-width: 498px) 100vw, 498px\" \/>\t\t\t\t\t\t\t\t\t\t\t\t\t<\/div>\n\t\t\t\t<\/div>\n\t\t\t\t\t<\/div>\n\t\t<\/div>\n\t\t\t\t\t<\/div>\n\t\t<\/section>\n\t\t\t\t<section class=\"elementor-section elementor-top-section elementor-element elementor-element-2ed4c9b elementor-section-boxed elementor-section-height-default elementor-section-height-default\" data-id=\"2ed4c9b\" data-element_type=\"section\">\n\t\t\t\t\t\t<div class=\"elementor-container elementor-column-gap-default\">\n\t\t\t\t\t<div class=\"elementor-column elementor-col-100 elementor-top-column elementor-element elementor-element-48377ec\" data-id=\"48377ec\" data-element_type=\"column\">\n\t\t\t<div class=\"elementor-widget-wrap elementor-element-populated\">\n\t\t\t\t\t\t<div class=\"elementor-element elementor-element-ff21884 elementor-widget elementor-widget-spacer\" data-id=\"ff21884\" data-element_type=\"widget\" data-widget_type=\"spacer.default\">\n\t\t\t\t<div class=\"elementor-widget-container\">\n\t\t\t\t\t<div class=\"elementor-spacer\">\n\t\t\t<div class=\"elementor-spacer-inner\"><\/div>\n\t\t<\/div>\n\t\t\t\t<\/div>\n\t\t\t\t<\/div>\n\t\t\t\t\t<\/div>\n\t\t<\/div>\n\t\t\t\t\t<\/div>\n\t\t<\/section>\n\t\t\t\t<\/div>\n\t\t","protected":false},"excerpt":{"rendered":"<p>AM\u00c9NAGEMENT POUR V\u00c9HICULES UTILITAIRES \/ AUTO-ECOLE Nous sommes en mesure de transformer les\u00a0v\u00e9hicules particuliers\u00a0en\u00a0v\u00e9hicules utilitaires.Nous proposons l&rsquo;am\u00e9nagement de votre v\u00e9hicule\u00a0avec cabines approfondies et en\u00a0camions frigorifiques. Nous effectuons la pose d&rsquo;\u00e9quipements pour les v\u00e9hicule auto-\u00e9cole. Am\u00e9nageur qualifi\u00e9 UTAC, nous installons vos doubles commandes(p\u00e9dales et t\u00e9l\u00e9commande moniteur) pour votre v\u00e9hicule auto-\u00e9cole. Nous effectuons \u00e9galement la d\u00e9pose pour [&hellip;]<\/p>\n","protected":false},"author":1,"featured_media":0,"parent":0,"menu_order":0,"comment_status":"closed","ping_status":"closed","template":"","meta":{"footnotes":""},"class_list":["post-383","page","type-page","status-publish","hentry"],"_links":{"self":[{"href":"https:\/\/laportecahors.fr\/index.php\/wp-json\/wp\/v2\/pages\/383","targetHints":{"allow":["GET"]}}],"collection":[{"href":"https:\/\/laportecahors.fr\/index.php\/wp-json\/wp\/v2\/pages"}],"about":[{"href":"https:\/\/laportecahors.fr\/index.php\/wp-json\/wp\/v2\/types\/page"}],"author":[{"embeddable":true,"href":"https:\/\/laportecahors.fr\/index.php\/wp-json\/wp\/v2\/users\/1"}],"replies":[{"embeddable":true,"href":"https:\/\/laportecahors.fr\/index.php\/wp-json\/wp\/v2\/comments?post=383"}],"version-history":[{"count":26,"href":"https:\/\/laportecahors.fr\/index.php\/wp-json\/wp\/v2\/pages\/383\/revisions"}],"predecessor-version":[{"id":548,"href":"https:\/\/laportecahors.fr\/index.php\/wp-json\/wp\/v2\/pages\/383\/revisions\/548"}],"wp:attachment":[{"href":"https:\/\/laportecahors.fr\/index.php\/wp-json\/wp\/v2\/media?parent=383"}],"curies":[{"name":"wp","href":"https:\/\/api.w.org\/{rel}","templated":true}]}}