{"id":426,"date":"2023-02-16T09:57:22","date_gmt":"2023-02-16T08:57:22","guid":{"rendered":"https:\/\/laportecahors.fr\/?page_id=426"},"modified":"2024-03-18T14:58:32","modified_gmt":"2024-03-18T13:58:32","slug":"ead-drager","status":"publish","type":"page","link":"https:\/\/laportecahors.fr\/index.php\/ead-drager\/","title":{"rendered":"Ead-Dr\u00e4ger"},"content":{"rendered":"\t\t<div data-elementor-type=\"wp-page\" data-elementor-id=\"426\" class=\"elementor elementor-426\" data-elementor-post-type=\"page\">\n\t\t\t\t\t\t<section class=\"elementor-section elementor-top-section elementor-element elementor-element-acd9721 elementor-section-boxed elementor-section-height-default elementor-section-height-default\" data-id=\"acd9721\" data-element_type=\"section\">\n\t\t\t\t\t\t<div class=\"elementor-container elementor-column-gap-default\">\n\t\t\t\t\t<div class=\"elementor-column elementor-col-100 elementor-top-column elementor-element elementor-element-473c301\" data-id=\"473c301\" data-element_type=\"column\">\n\t\t\t<div class=\"elementor-widget-wrap elementor-element-populated\">\n\t\t\t\t\t\t<div class=\"elementor-element elementor-element-814f25d elementor-widget elementor-widget-spacer\" data-id=\"814f25d\" data-element_type=\"widget\" data-widget_type=\"spacer.default\">\n\t\t\t\t<div class=\"elementor-widget-container\">\n\t\t\t<style>\/*! elementor - v3.20.0 - 13-03-2024 *\/\n.elementor-column .elementor-spacer-inner{height:var(--spacer-size)}.e-con{--container-widget-width:100%}.e-con-inner>.elementor-widget-spacer,.e-con>.elementor-widget-spacer{width:var(--container-widget-width,var(--spacer-size));--align-self:var(--container-widget-align-self,initial);--flex-shrink:0}.e-con-inner>.elementor-widget-spacer>.elementor-widget-container,.e-con>.elementor-widget-spacer>.elementor-widget-container{height:100%;width:100%}.e-con-inner>.elementor-widget-spacer>.elementor-widget-container>.elementor-spacer,.e-con>.elementor-widget-spacer>.elementor-widget-container>.elementor-spacer{height:100%}.e-con-inner>.elementor-widget-spacer>.elementor-widget-container>.elementor-spacer>.elementor-spacer-inner,.e-con>.elementor-widget-spacer>.elementor-widget-container>.elementor-spacer>.elementor-spacer-inner{height:var(--container-widget-height,var(--spacer-size))}.e-con-inner>.elementor-widget-spacer.elementor-widget-empty,.e-con>.elementor-widget-spacer.elementor-widget-empty{position:relative;min-height:22px;min-width:22px}.e-con-inner>.elementor-widget-spacer.elementor-widget-empty .elementor-widget-empty-icon,.e-con>.elementor-widget-spacer.elementor-widget-empty .elementor-widget-empty-icon{position:absolute;top:0;bottom:0;left:0;right:0;margin:auto;padding:0;width:22px;height:22px}<\/style>\t\t<div class=\"elementor-spacer\">\n\t\t\t<div class=\"elementor-spacer-inner\"><\/div>\n\t\t<\/div>\n\t\t\t\t<\/div>\n\t\t\t\t<\/div>\n\t\t\t\t\t<\/div>\n\t\t<\/div>\n\t\t\t\t\t<\/div>\n\t\t<\/section>\n\t\t\t\t<section class=\"elementor-section elementor-top-section elementor-element elementor-element-b982927 elementor-section-boxed elementor-section-height-default elementor-section-height-default\" data-id=\"b982927\" data-element_type=\"section\">\n\t\t\t\t\t\t<div class=\"elementor-container elementor-column-gap-default\">\n\t\t\t\t\t<div class=\"elementor-column elementor-col-33 elementor-top-column elementor-element elementor-element-207247d\" data-id=\"207247d\" data-element_type=\"column\">\n\t\t\t<div class=\"elementor-widget-wrap elementor-element-populated\">\n\t\t\t\t\t\t<div class=\"elementor-element elementor-element-2d045ee elementor-widget elementor-widget-text-editor\" data-id=\"2d045ee\" data-element_type=\"widget\" data-widget_type=\"text-editor.default\">\n\t\t\t\t<div class=\"elementor-widget-container\">\n\t\t\t<style>\/*! elementor - v3.20.0 - 13-03-2024 *\/\n.elementor-widget-text-editor.elementor-drop-cap-view-stacked .elementor-drop-cap{background-color:#69727d;color:#fff}.elementor-widget-text-editor.elementor-drop-cap-view-framed .elementor-drop-cap{color:#69727d;border:3px solid;background-color:transparent}.elementor-widget-text-editor:not(.elementor-drop-cap-view-default) .elementor-drop-cap{margin-top:8px}.elementor-widget-text-editor:not(.elementor-drop-cap-view-default) .elementor-drop-cap-letter{width:1em;height:1em}.elementor-widget-text-editor .elementor-drop-cap{float:left;text-align:center;line-height:1;font-size:50px}.elementor-widget-text-editor .elementor-drop-cap-letter{display:inline-block}<\/style>\t\t\t\t<p><span style=\"text-decoration: underline;\"><strong><span style=\"color: #000000; text-decoration: underline;\">Un EAD est un \u00e9thylotest anti-d\u00e9marrage.\u00a0<\/span><\/strong><\/span><\/p><p><span style=\"color: #000000;\">Il s&rsquo;agit d&rsquo;un combin\u00e9 qui mesure la concentration d\u2019alcool dans l\u2019air expir\u00e9 coupl\u00e9 \u00e0 une centrale qui active ou bloque le d\u00e9marrage du v\u00e9hicule selon le r\u00e9sultat du test.<\/span><\/p>\t\t\t\t\t\t<\/div>\n\t\t\t\t<\/div>\n\t\t\t\t\t<\/div>\n\t\t<\/div>\n\t\t\t\t<div class=\"elementor-column elementor-col-33 elementor-top-column elementor-element elementor-element-224814b\" data-id=\"224814b\" data-element_type=\"column\">\n\t\t\t<div class=\"elementor-widget-wrap elementor-element-populated\">\n\t\t\t\t\t\t<div class=\"elementor-element elementor-element-4ffd8e9 elementor-widget elementor-widget-image\" data-id=\"4ffd8e9\" data-element_type=\"widget\" data-widget_type=\"image.default\">\n\t\t\t\t<div class=\"elementor-widget-container\">\n\t\t\t<style>\/*! elementor - v3.20.0 - 13-03-2024 *\/\n.elementor-widget-image{text-align:center}.elementor-widget-image a{display:inline-block}.elementor-widget-image a img[src$=\".svg\"]{width:48px}.elementor-widget-image img{vertical-align:middle;display:inline-block}<\/style>\t\t\t\t\t\t\t\t\t\t<img fetchpriority=\"high\" decoding=\"async\" width=\"480\" height=\"320\" src=\"https:\/\/laportecahors.fr\/wp-content\/uploads\/2024\/03\/Interlock_780x520px.webp\" class=\"attachment-large size-large wp-image-593\" alt=\"\" srcset=\"https:\/\/laportecahors.fr\/wp-content\/uploads\/2024\/03\/Interlock_780x520px.webp 480w, https:\/\/laportecahors.fr\/wp-content\/uploads\/2024\/03\/Interlock_780x520px-300x200.webp 300w\" sizes=\"(max-width: 480px) 100vw, 480px\" \/>\t\t\t\t\t\t\t\t\t\t\t\t\t<\/div>\n\t\t\t\t<\/div>\n\t\t\t\t\t<\/div>\n\t\t<\/div>\n\t\t\t\t<div class=\"elementor-column elementor-col-33 elementor-top-column elementor-element elementor-element-23eebd3\" data-id=\"23eebd3\" data-element_type=\"column\">\n\t\t\t<div class=\"elementor-widget-wrap elementor-element-populated\">\n\t\t\t\t\t\t<div class=\"elementor-element elementor-element-5b0137c elementor-widget elementor-widget-image\" data-id=\"5b0137c\" data-element_type=\"widget\" data-widget_type=\"image.default\">\n\t\t\t\t<div class=\"elementor-widget-container\">\n\t\t\t\t\t\t\t\t\t\t\t\t\t<img decoding=\"async\" width=\"720\" height=\"480\" src=\"https:\/\/laportecahors.fr\/wp-content\/uploads\/2024\/03\/Draeger-logo.jpg\" class=\"attachment-large size-large wp-image-595\" alt=\"\" srcset=\"https:\/\/laportecahors.fr\/wp-content\/uploads\/2024\/03\/Draeger-logo.jpg 720w, https:\/\/laportecahors.fr\/wp-content\/uploads\/2024\/03\/Draeger-logo-300x200.jpg 300w\" sizes=\"(max-width: 720px) 100vw, 720px\" \/>\t\t\t\t\t\t\t\t\t\t\t\t\t<\/div>\n\t\t\t\t<\/div>\n\t\t\t\t\t<\/div>\n\t\t<\/div>\n\t\t\t\t\t<\/div>\n\t\t<\/section>\n\t\t\t\t<section class=\"elementor-section elementor-top-section elementor-element elementor-element-d9103a8 elementor-section-boxed elementor-section-height-default elementor-section-height-default\" data-id=\"d9103a8\" data-element_type=\"section\">\n\t\t\t\t\t\t<div class=\"elementor-container elementor-column-gap-default\">\n\t\t\t\t\t<div class=\"elementor-column elementor-col-100 elementor-top-column elementor-element elementor-element-c55fc5a\" data-id=\"c55fc5a\" data-element_type=\"column\">\n\t\t\t<div class=\"elementor-widget-wrap elementor-element-populated\">\n\t\t\t\t\t\t<div class=\"elementor-element elementor-element-7ca3b19 elementor-widget__width-initial elementor-widget elementor-widget-text-editor\" data-id=\"7ca3b19\" data-element_type=\"widget\" data-widget_type=\"text-editor.default\">\n\t\t\t\t<div class=\"elementor-widget-container\">\n\t\t\t\t\t\t\t<h5 id=\"domaines-application-des-ead\" class=\"ng-star-inserted\"><span style=\"text-decoration: underline;\"><strong><span style=\"color: #000000; text-decoration: underline;\">Domaines d&rsquo;application des EAD<\/span><\/strong><\/span><\/h5><div class=\"large ng-star-inserted\"><p><span style=\"color: #000000;\">Dans les transports publics, le transport de marchandises, sur la route ou encore sur le lieu de travail, il est particuli\u00e8rement important d\u2019\u00e9liminer les risques li\u00e9s \u00e0 la conduite sous l\u2019influence de l\u2019alcool. Ceci assure une meilleure s\u00e9curit\u00e9 pour les employ\u00e9s, les passagers et tout autre usager de la route.<\/span><\/p><\/div><header class=\"accordion-header ng-tns-c113-3\"><div class=\"left ng-tns-c113-3\"><h5 class=\"ng-tns-c113-3\"><span style=\"text-decoration: underline;\"><strong><span style=\"color: #000000; text-decoration: underline;\">Transport en Commun de Personnes<\/span><\/strong><\/span><\/h5><\/div><div class=\"right accordion-toggle-wrapper ng-tns-c113-3\"><span style=\"color: #000000;\">Depuis le 1er septembre 2015, tout autocar affect\u00e9 \u00e0 un transport en commun de personnes roulant en France doit \u00eatre \u00e9quip\u00e9 d\u2019un \u00e9thylotest anti-d\u00e9marrage (EAD) conforme au \u00ab Cahier des charges techniques des \u00e9thylotests anti-d\u00e9marrage \u00e9quipant les v\u00e9hicules \u00e0 moteur \u00bb.<\/span><\/div><div>\u00a0<\/div><\/header><div class=\"accordion-panel ng-tns-c113-3 ng-trigger ng-trigger-openClose ng-star-inserted\"><header class=\"accordion-header ng-tns-c113-3\"><div class=\"left ng-tns-c113-3\"><h5 class=\"ng-tns-c113-3\"><span style=\"color: #000000;\"><strong><span style=\"text-decoration: underline;\">Programme judiciaire<\/span><\/strong><\/span><\/h5><h5 class=\"ng-tns-c113-3\"><span style=\"color: #000000;\">Suite \u00e0 une d\u00e9cision de justice, pour continuer de conduire vous devez vous \u00e9quiper d&rsquo;un EAD.<\/span><\/h5><\/div><\/header><div class=\"accordion-panel ng-tns-c113-3 ng-trigger ng-trigger-openClose ng-star-inserted\"><div class=\"ng-tns-c113-3 ng-star-inserted\"><p><span style=\"color: #000000;\">Rien de plus simple, suivez les \u00e9tapes:<\/span><br \/><span style=\"color: #000000;\">\u00a0Louez ou achetez votre EAD: c&rsquo;est vous qui d\u00e9cidez!<\/span><br \/><span style=\"color: #000000;\">\u00a0Faites installer votre Interlock 7500 par notre atelier agr\u00e9\u00e9.\u00a0<\/span><\/p><\/div><\/div><\/div>\t\t\t\t\t\t<\/div>\n\t\t\t\t<\/div>\n\t\t\t\t\t<\/div>\n\t\t<\/div>\n\t\t\t\t\t<\/div>\n\t\t<\/section>\n\t\t\t\t<\/div>\n\t\t","protected":false},"excerpt":{"rendered":"<p>Un EAD est un \u00e9thylotest anti-d\u00e9marrage.\u00a0 Il s&rsquo;agit d&rsquo;un combin\u00e9 qui mesure la concentration d\u2019alcool dans l\u2019air expir\u00e9 coupl\u00e9 \u00e0 une centrale qui active ou bloque le d\u00e9marrage du v\u00e9hicule selon le r\u00e9sultat du test. Domaines d&rsquo;application des EAD Dans les transports publics, le transport de marchandises, sur la route ou encore sur le lieu [&hellip;]<\/p>\n","protected":false},"author":1,"featured_media":0,"parent":0,"menu_order":0,"comment_status":"closed","ping_status":"closed","template":"","meta":{"footnotes":""},"class_list":["post-426","page","type-page","status-publish","hentry"],"_links":{"self":[{"href":"https:\/\/laportecahors.fr\/index.php\/wp-json\/wp\/v2\/pages\/426","targetHints":{"allow":["GET"]}}],"collection":[{"href":"https:\/\/laportecahors.fr\/index.php\/wp-json\/wp\/v2\/pages"}],"about":[{"href":"https:\/\/laportecahors.fr\/index.php\/wp-json\/wp\/v2\/types\/page"}],"author":[{"embeddable":true,"href":"https:\/\/laportecahors.fr\/index.php\/wp-json\/wp\/v2\/users\/1"}],"replies":[{"embeddable":true,"href":"https:\/\/laportecahors.fr\/index.php\/wp-json\/wp\/v2\/comments?post=426"}],"version-history":[{"count":11,"href":"https:\/\/laportecahors.fr\/index.php\/wp-json\/wp\/v2\/pages\/426\/revisions"}],"predecessor-version":[{"id":598,"href":"https:\/\/laportecahors.fr\/index.php\/wp-json\/wp\/v2\/pages\/426\/revisions\/598"}],"wp:attachment":[{"href":"https:\/\/laportecahors.fr\/index.php\/wp-json\/wp\/v2\/media?parent=426"}],"curies":[{"name":"wp","href":"https:\/\/api.w.org\/{rel}","templated":true}]}}